{"id":4417,"date":"2022-02-02T16:34:16","date_gmt":"2022-02-02T13:34:16","guid":{"rendered":"https:\/\/cnchirurgie.ro\/en\/?page_id=4417"},"modified":"2026-04-27T17:26:21","modified_gmt":"2026-04-27T14:26:21","slug":"courses","status":"publish","type":"page","link":"https:\/\/cnchirurgie.ro\/en\/courses\/","title":{"rendered":"Courses"},"content":{"rendered":"<p>[et_pb_section fb_built=&#8221;1&#8243; fullwidth=&#8221;on&#8221; _builder_version=&#8221;4.27.5&#8243; top_divider_style=&#8221;asymmetric2&#8243; top_divider_color=&#8221;#26252F&#8221; top_divider_height=&#8221;62px&#8221; top_divider_flip=&#8221;horizontal&#8221; border_color_bottom=&#8221;#005699&#8243; box_shadow_style=&#8221;preset3&#8243; box_shadow_horizontal=&#8221;10px&#8221; box_shadow_vertical=&#8221;10px&#8221; box_shadow_blur=&#8221;0px&#8221; box_shadow_spread=&#8221;0px&#8221; global_module=&#8221;12190&#8243; saved_tabs=&#8221;all&#8221; global_colors_info=&#8221;{}&#8221;][et_pb_fullwidth_header title=&#8221;@ET-DC@eyJkeW5hbWljIjp0cnVlLCJjb250ZW50IjoicG9zdF90aXRsZSIsInNldHRpbmdzIjp7ImJlZm9yZSI6IiIsImFmdGVyIjoiIn19@&#8221; content_max_width=&#8221;75%&#8221; _builder_version=&#8221;4.27.5&#8243; _dynamic_attributes=&#8221;title&#8221; title_font=&#8221;&#8211;et_global_heading_font|600|||||||&#8221; title_text_align=&#8221;left&#8221; title_text_color=&#8221;#26252F&#8221; title_font_size=&#8221;45px&#8221; background_enable_color=&#8221;off&#8221; background_image=&#8221;https:\/\/cnchirurgie.ro\/wp-content\/uploads\/2026\/01\/CNC2026_header_1920x450px.jpg&#8221; module_alignment=&#8221;center&#8221; custom_padding=&#8221;125px||75px||false&#8221; title_text_align_tablet=&#8221;left&#8221; title_text_align_phone=&#8221;left&#8221; title_text_align_last_edited=&#8221;on|tablet&#8221; title_font_size_tablet=&#8221;40px&#8221; title_font_size_phone=&#8221;&#8221; title_font_size_last_edited=&#8221;on|phone&#8221; global_colors_info=&#8221;{}&#8221;][\/et_pb_fullwidth_header][et_pb_fullwidth_menu menu_style=&#8221;centered&#8221; active_link_color=&#8221;#FFCC00&#8243; dropdown_menu_bg_color=&#8221;#26252F&#8221; dropdown_menu_line_color=&#8221;#FFCC00&#8243; dropdown_menu_text_color=&#8221;#FFFFFF&#8221; dropdown_menu_active_link_color=&#8221;#FFCC00&#8243; mobile_menu_bg_color=&#8221;#26252F&#8221; mobile_menu_text_color=&#8221;#FFFFFF&#8221; menu_icon_color=&#8221;#FFFFFF&#8221; disabled_on=&#8221;off|off|on&#8221; _builder_version=&#8221;4.27.5&#8243; menu_font=&#8221;Barlow|600|||||||&#8221; menu_text_color=&#8221;#FFFFFF&#8221; background_color=&#8221;#26252F&#8221; z_index=&#8221;100&#8243; custom_padding=&#8221;||||false|false&#8221; global_colors_info=&#8221;{}&#8221;][\/et_pb_fullwidth_menu][\/et_pb_section][et_pb_section fb_built=&#8221;1&#8243; admin_label=&#8221;section&#8221; _builder_version=&#8221;4.27.5&#8243; bottom_divider_style=&#8221;asymmetric4&#8243; bottom_divider_color=&#8221;#FFD23C&#8221; global_colors_info=&#8221;{}&#8221;][et_pb_row _builder_version=&#8221;4.27.5&#8243; _module_preset=&#8221;default&#8221; custom_padding=&#8221;175px||175px||true|false&#8221; hover_enabled=&#8221;0&#8243; locked=&#8221;off&#8221; global_colors_info=&#8221;{}&#8221; sticky_enabled=&#8221;0&#8243; disabled_on=&#8221;on|on|on&#8221; disabled=&#8221;on&#8221;][et_pb_column type=&#8221;4_4&#8243; _builder_version=&#8221;4.27.5&#8243; _module_preset=&#8221;default&#8221; hover_enabled=&#8221;0&#8243; global_colors_info=&#8221;{}&#8221; sticky_enabled=&#8221;0&#8243;][et_pb_text _builder_version=&#8221;4.27.5&#8243; _module_preset=&#8221;default&#8221; hover_enabled=&#8221;0&#8243; global_colors_info=&#8221;{}&#8221; sticky_enabled=&#8221;0&#8243;]<\/p>\n<p><em>Information about the pre-congress courses will be available soon.<\/em><\/p>\n<p>[\/et_pb_text][\/et_pb_column][\/et_pb_row][et_pb_row disabled_on=&#8221;off|off|off&#8221; _builder_version=&#8221;4.27.5&#8243; custom_margin=&#8221;||||false|false&#8221; custom_padding=&#8221;3px|||||&#8221; hover_enabled=&#8221;0&#8243; locked=&#8221;off&#8221; global_colors_info=&#8221;{}&#8221; sticky_enabled=&#8221;0&#8243;][et_pb_column type=&#8221;4_4&#8243; _builder_version=&#8221;4.27.5&#8243; hover_enabled=&#8221;0&#8243; global_colors_info=&#8221;{}&#8221; sticky_enabled=&#8221;0&#8243;][et_pb_text _builder_version=&#8221;4.27.5&#8243; hover_enabled=&#8221;0&#8243; global_colors_info=&#8221;{}&#8221; sticky_enabled=&#8221;0&#8243;]The pre-congress courses will take place on <strong>Wednesday, June 10, 2026.<\/strong><\/p>\n<p><span style=\"color: #ff0000;\"><strong>ATENTION!<\/strong> Course registration is conditional on payment of the congress registration fee<\/span>. You can register in a maximum of 2 courses that take place at different time intervals: courses <span style=\"color: #e69721;\">C2, C4 and C6\u00a0<\/span> take place between <span style=\"color: #e69721;\">10.00 and 13:00<\/span>, and courses <span style=\"color: #e69721;\">C1, C3, C5 and C9\u00a0<\/span> takes place between <span style=\"color: #e69721;\">14:00 and 17:00<\/span>.<br \/>\ncourse <span style=\"color: #e69721;\">C7<\/span> take place between <span style=\"color: #e69721;\">14:00 and 18:00<\/span>.<br \/>\ncourse <span style=\"color: #e69721;\">C8<\/span> take place between <span style=\"color: #e69721;\">10:00 and 17:00<\/span>.[\/et_pb_text][et_pb_text _builder_version=&#8221;4.27.5&#8243; custom_margin=&#8221;-19px|||||&#8221; custom_padding=&#8221;||0px|||&#8221; hover_enabled=&#8221;0&#8243; global_colors_info=&#8221;{}&#8221; sticky_enabled=&#8221;0&#8243;]<\/p>\n<table style=\"width: 100%; float: left;\" height=\"\">\n<tbody>\n<tr bgcolor=\"#19253a\">\n<td style=\"width: 516px; text-align: left;\"><strong><span style=\"color: #ffffff;\">Courses<\/span><\/strong><\/td>\n<td style=\"width: 167px; text-align: center;\"><strong><span style=\"color: #ffffff;\">Time slot<br \/>\n<\/span><\/strong><\/td>\n<td style=\"width: 443px; text-align: center;\"><strong><span style=\"color: #ffffff;\"><span class=\"VIiyi\" jsaction=\"mouseup:BR6jm\" jsname=\"jqKxS\" lang=\"en\"><span jsaction=\"agoMJf:PFBcW;usxOmf:aWLT7;jhKsnd:P7O7bd,F8DmGf;Q4AGo:Gm7gYd,qAKMYb;uFUCPb:pvnm0e,pfE8Hb,PFBcW;f56efd:dJXsye;EnoYf:KNzws,ZJsZZ,JgVSJc;zdMJQc:cCQNKb,ZJsZZ,zchEXc;Ytrrj:JJDvdc;tNR8yc:GeFvjb;oFN6Ye:hij5Wb\" jscontroller=\"Zl5N8\" jsmodel=\"SsMkhd\" jsname=\"txFAF\" class=\"JLqJ4b ChMk0b\" data-language-for-alternatives=\"en\" data-language-to-translate-into=\"ro\" data-phrase-index=\"0\" jsdata=\"uqLsIf;_;$44\"><span jsaction=\"click:qtZ4nf,GFf3ac,tMZCfe; contextmenu:Nqw7Te,QP7LD; mouseout:Nqw7Te; mouseover:qtZ4nf,c2aHje\" jsname=\"W297wb\">Course director<\/span><\/span><\/span> <\/span><\/strong><\/td>\n<\/tr>\n<tr bgcolor=\"#FDEBD0\">\n<td style=\"width: 516px; text-align: left;\"><strong>C1. Surgical management of gastric cancer \u2013 from theoretical concepts to operative strategies and technique<\/strong><\/p>\n<p><strong><!--Curs creditat de c\u0103tre CMR cu 3 credite EMC\n\n<strong><a href=\"https:\/\/cnchirurgie.ro\/curs-precongres-nr-1\" target=\"blank\" rel=\"noopener noreferrer\">Detalii curs<\/a><\/strong>--><\/strong><\/td>\n<td style=\"width: 167px; text-align: center;\"><strong>14.00 &#8211; 17.00<\/strong><\/td>\n<td style=\"width: 443px; text-align: center;\"><span><strong>R\u0103zvan Popesc MD, PhD<\/strong><br \/>\n<\/span><\/td>\n<\/tr>\n<tr bgcolor=\"#FDEBD0\">\n<td style=\"width: 516px; text-align: left;\"><strong>C2. Complications in thyroid and parathyroid surgery: from prevention to treatment<br \/>\n<\/strong><\/p>\n<p><!--Curs creditat de c\u0103tre CMR cu 3 credite EMC\n\n<a href=\"https:\/\/cnchirurgie.ro\/curs-precongres-nr-2\" target=\"blank\" rel=\"noopener noreferrer\"><strong>Detalii curs<\/strong><\/a>--><\/td>\n<td style=\"width: 167px; text-align: center;\"><strong>10.00 &#8211; 13.00<\/strong><\/td>\n<td style=\"width: 443px; text-align: center;\"><strong>George Dindelegan MD, PhD<\/strong><\/td>\n<\/tr>\n<tr bgcolor=\"#FDEBD0\">\n<td style=\"width: 516px; text-align: left;\"><strong>C3. Basics of oncoplastic breast surgery for the general surgeon \u2014 from principles to practice<\/strong><\/p>\n<p><!--Curs creditat de c\u0103tre CMR cu 3 credite EMC\n\n<a href=\"https:\/\/cnchirurgie.ro\/curs-3-pre-congres\" target=\"blank\" rel=\"noopener noreferrer\"><strong>Detalii curs<\/strong><\/a>--><\/td>\n<td style=\"width: 167px; text-align: center;\"><strong>14.00 &#8211; 17.00<\/strong><\/td>\n<td style=\"width: 443px; text-align: center;\"><span><strong>George Dindelegan MD, PhD<\/strong><br \/>\n<\/span><\/td>\n<\/tr>\n<tr bgcolor=\"#FDEBD0\">\n<td style=\"width: 516px; text-align: left;\"><strong>C4. Breast surgery (neoplastic conditions): theoretical and practical principles<\/strong><\/p>\n<p><strong><!--Curs creditat de c\u0103tre CMR cu 3 credite EMC\n\n<a href=\"https:\/\/cnchirurgie.ro\/curs-3-pre-congres\" target=\"blank\" rel=\"noopener noreferrer\"><strong>Detalii curs<\/strong><\/a>--><\/strong><\/td>\n<td style=\"width: 167px; text-align: center;\"><strong>10.00 &#8211; 13.00<\/strong><\/td>\n<td style=\"width: 443px; text-align: center;\"><strong>Carmen Neamtu MD, PhD<\/strong><\/td>\n<\/tr>\n<tr>\n<td style=\"width: 516px; text-align: left;\"><strong>C5. Management of abdominal visceral trauma \u2014 up to date 2026<\/strong><\/p>\n<p><strong><!--Curs creditat de c\u0103tre CMR cu 3 credite EMC\n\n<a href=\"https:\/\/cnchirurgie.ro\/curs-3-pre-congres\" target=\"blank\" rel=\"noopener noreferrer\"><strong>Detalii curs<\/strong><\/a>--><\/strong><\/td>\n<td style=\"width: 167px; text-align: center;\"><strong>14.00 &#8211; 17.00<\/strong><\/td>\n<td style=\"width: 443px; text-align: center;\"><strong>C\u0103lin Molnar MD, PhD<\/strong><\/td>\n<\/tr>\n<tr>\n<td style=\"width: 516px; text-align: left;\"><strong>C6. CT in emergency surgery \u2014 from interpretation to therapeutic decision-making. Theoretical course and hands-on practice<\/strong><\/p>\n<p><strong><!--Curs creditat de c\u0103tre CMR cu 3 credite EMC\n\n<a href=\"https:\/\/cnchirurgie.ro\/curs-3-pre-congres\" target=\"blank\" rel=\"noopener noreferrer\"><strong>Detalii curs<\/strong><\/a>--><\/strong><\/td>\n<td style=\"width: 167px; text-align: center;\"><strong>10.00 &#8211; 13.00<\/strong><\/td>\n<td style=\"width: 443px; text-align: center;\"><strong>Andronic Octavian MD, PhD<\/strong><\/td>\n<\/tr>\n<tr>\n<td style=\"width: 516px; text-align: left;\"><strong>C7. Updates in coloproctology<br \/>\n<\/strong><\/p>\n<p><strong><!--Curs creditat de c\u0103tre CMR cu 3 credite EMC\n\n<a href=\"https:\/\/cnchirurgie.ro\/curs-3-pre-congres\" target=\"blank\" rel=\"noopener noreferrer\"><strong>Detalii curs<\/strong><\/a>--><\/strong><\/td>\n<td style=\"width: 167px; text-align: center;\"><strong>14.00 &#8211; 18.00<\/strong><\/td>\n<td style=\"width: 443px; text-align: center;\"><strong>Vasile Bin\u021bin\u021ban MD, PhD<br \/>\n<\/strong><\/td>\n<\/tr>\n<tr>\n<td style=\"width: 516px; text-align: left;\"><strong>C8. Emergencies and special situations in patients with metabolic and bariatric surgery \u2014 challenges in the emergency department<\/strong><\/p>\n<p><strong><!--Curs creditat de c\u0103tre CMR cu 3 credite EMC\n\n<a href=\"https:\/\/cnchirurgie.ro\/curs-3-pre-congres\" target=\"blank\" rel=\"noopener noreferrer\"><strong>Detalii curs<\/strong><\/a>--><\/strong><\/td>\n<td style=\"width: 167px; text-align: center;\"><strong>10.00 &#8211; 17.00<\/strong><\/td>\n<td style=\"width: 443px; text-align: center;\"><strong>C\u0103t\u0103lin Cop\u0103escu MD, PhD<\/strong><\/td>\n<\/tr>\n<tr><\/tr>\n<tr>\n<td style=\"width: 516px; text-align: left;\"><strong>C9. Pelvic exenteration in primary or recurrent pelvic neoplasms \u2014 from compromise to benefit<\/strong><\/p>\n<p><strong><!--Curs creditat de c\u0103tre CMR cu 3 credite EMC\n\n<a href=\"https:\/\/cnchirurgie.ro\/curs-3-pre-congres\" target=\"blank\" rel=\"noopener noreferrer\"><strong>Detalii curs<\/strong><\/a>--><\/strong><\/td>\n<td style=\"width: 167px; text-align: center;\"><strong>14.00 &#8211; 17.00<\/strong><\/td>\n<td style=\"width: 443px; text-align: center;\"><strong>Viorel Scripcariu MD, PhD<br \/>\n<\/strong><\/td>\n<\/tr>\n<tr bgcolor=\"#fcb900\">\n<td style=\"width: 100%; text-align: left;\" colspan=\"3\"><strong><span style=\"color: #005699;\"><i>The participation fee for the pre-congress courses is 150 lei\/course for physicians.<\/i><\/span><\/strong><\/td>\n<\/tr>\n<\/tbody>\n<\/table>\n<p>[\/et_pb_text][et_pb_text _builder_version=&#8221;4.27.5&#8243; hover_enabled=&#8221;0&#8243; global_colors_info=&#8221;{}&#8221; sticky_enabled=&#8221;0&#8243;]<\/p>\n<p>For course registration, please email us at <a href=\"mailto:contact@cnchirurgie.ro\" target=\"_blank\" rel=\"noopener\">contact@cnchirurgie.ro<\/a><\/p>\n<p>[\/et_pb_text][\/et_pb_column][\/et_pb_row][\/et_pb_section][et_pb_section fb_built=&#8221;1&#8243; _builder_version=&#8221;4.27.5&#8243; background_color=&#8221;#242A31&#8243; background_image=&#8221;https:\/\/cnchirurgie.ro\/en\/wp-content\/uploads\/2026\/02\/CNC2026_header_1920x450px.jpg&#8221; background_blend=&#8221;multiply&#8221; custom_margin=&#8221;-5px||||false|false&#8221; custom_padding=&#8221;|0px||0px|false|false&#8221; top_divider_style=&#8221;asymmetric2&#8243; top_divider_color=&#8221;#FFD23C&#8221; top_divider_height=&#8221;95px&#8221; top_divider_flip=&#8221;horizontal|vertical&#8221; bottom_divider_style=&#8221;asymmetric2&#8243; bottom_divider_color=&#8221;#FFD23C&#8221; bottom_divider_height=&#8221;92px&#8221; bottom_divider_flip=&#8221;vertical&#8221; global_module=&#8221;11968&#8243; saved_tabs=&#8221;all&#8221; global_colors_info=&#8221;{}&#8221;][et_pb_row column_structure=&#8221;3_5,2_5&#8243; _builder_version=&#8221;4.16&#8243; custom_padding=&#8221;49px|0px|96px|0px|false|false&#8221; global_colors_info=&#8221;{}&#8221;][et_pb_column type=&#8221;3_5&#8243; _builder_version=&#8221;4.16&#8243; custom_padding=&#8221;|||&#8221; global_colors_info=&#8221;{}&#8221; custom_padding__hover=&#8221;|||&#8221;][et_pb_text _builder_version=&#8221;4.27.5&#8243; text_font=&#8221;||||||||&#8221; text_font_size=&#8221;28px&#8221; text_line_height=&#8221;1.3em&#8221; header_font=&#8221;||||||||&#8221; background_layout=&#8221;dark&#8221; text_orientation_tablet=&#8221;center&#8221; text_orientation_phone=&#8221;&#8221; text_orientation_last_edited=&#8221;on|phone&#8221; global_colors_info=&#8221;{}&#8221;]<\/p>\n<p>Contact NCS 2026&#8217;s PCO<\/p>\n<p>[\/et_pb_text][et_pb_contact_form email=&#8221;contact@cnchirurgie.ro&#8221; submit_button_text=&#8221;Send&#8221; _builder_version=&#8221;4.16&#8243; _unique_id=&#8221;4bd0cc30-2ae3-436e-9dea-f23134811af9&#8243; custom_button=&#8221;on&#8221; button_text_color=&#8221;#FFD23C&#8221; button_border_width=&#8221;1px&#8221; button_font=&#8221;||||||||&#8221; global_colors_info=&#8221;{}&#8221;][et_pb_contact_field field_id=&#8221;Name&#8221; field_title=&#8221;Name&#8221; _builder_version=&#8221;4.16&#8243; global_colors_info=&#8221;{}&#8221; button_text_size__hover_enabled=&#8221;off&#8221; button_one_text_size__hover_enabled=&#8221;off&#8221; button_two_text_size__hover_enabled=&#8221;off&#8221; button_text_color__hover_enabled=&#8221;off&#8221; button_one_text_color__hover_enabled=&#8221;off&#8221; button_two_text_color__hover_enabled=&#8221;off&#8221; button_border_width__hover_enabled=&#8221;off&#8221; button_one_border_width__hover_enabled=&#8221;off&#8221; button_two_border_width__hover_enabled=&#8221;off&#8221; button_border_color__hover_enabled=&#8221;off&#8221; button_one_border_color__hover_enabled=&#8221;off&#8221; button_two_border_color__hover_enabled=&#8221;off&#8221; button_border_radius__hover_enabled=&#8221;off&#8221; button_one_border_radius__hover_enabled=&#8221;off&#8221; button_two_border_radius__hover_enabled=&#8221;off&#8221; button_letter_spacing__hover_enabled=&#8221;off&#8221; button_one_letter_spacing__hover_enabled=&#8221;off&#8221; button_two_letter_spacing__hover_enabled=&#8221;off&#8221; button_bg_color__hover_enabled=&#8221;off&#8221; button_one_bg_color__hover_enabled=&#8221;off&#8221; button_two_bg_color__hover_enabled=&#8221;off&#8221;][\/et_pb_contact_field][et_pb_contact_field field_id=&#8221;Email&#8221; field_title=&#8221;E-mail address&#8221; field_type=&#8221;email&#8221; _builder_version=&#8221;4.16&#8243; global_colors_info=&#8221;{}&#8221; button_text_size__hover_enabled=&#8221;off&#8221; button_one_text_size__hover_enabled=&#8221;off&#8221; button_two_text_size__hover_enabled=&#8221;off&#8221; button_text_color__hover_enabled=&#8221;off&#8221; button_one_text_color__hover_enabled=&#8221;off&#8221; button_two_text_color__hover_enabled=&#8221;off&#8221; button_border_width__hover_enabled=&#8221;off&#8221; button_one_border_width__hover_enabled=&#8221;off&#8221; button_two_border_width__hover_enabled=&#8221;off&#8221; button_border_color__hover_enabled=&#8221;off&#8221; button_one_border_color__hover_enabled=&#8221;off&#8221; button_two_border_color__hover_enabled=&#8221;off&#8221; button_border_radius__hover_enabled=&#8221;off&#8221; button_one_border_radius__hover_enabled=&#8221;off&#8221; button_two_border_radius__hover_enabled=&#8221;off&#8221; button_letter_spacing__hover_enabled=&#8221;off&#8221; button_one_letter_spacing__hover_enabled=&#8221;off&#8221; button_two_letter_spacing__hover_enabled=&#8221;off&#8221; button_bg_color__hover_enabled=&#8221;off&#8221; button_one_bg_color__hover_enabled=&#8221;off&#8221; button_two_bg_color__hover_enabled=&#8221;off&#8221;][\/et_pb_contact_field][et_pb_contact_field field_id=&#8221;Message&#8221; field_title=&#8221;Message&#8221; field_type=&#8221;text&#8221; fullwidth_field=&#8221;on&#8221; _builder_version=&#8221;4.16&#8243; global_colors_info=&#8221;{}&#8221; button_text_size__hover_enabled=&#8221;off&#8221; button_one_text_size__hover_enabled=&#8221;off&#8221; button_two_text_size__hover_enabled=&#8221;off&#8221; button_text_color__hover_enabled=&#8221;off&#8221; button_one_text_color__hover_enabled=&#8221;off&#8221; button_two_text_color__hover_enabled=&#8221;off&#8221; button_border_width__hover_enabled=&#8221;off&#8221; button_one_border_width__hover_enabled=&#8221;off&#8221; button_two_border_width__hover_enabled=&#8221;off&#8221; button_border_color__hover_enabled=&#8221;off&#8221; button_one_border_color__hover_enabled=&#8221;off&#8221; button_two_border_color__hover_enabled=&#8221;off&#8221; button_border_radius__hover_enabled=&#8221;off&#8221; button_one_border_radius__hover_enabled=&#8221;off&#8221; button_two_border_radius__hover_enabled=&#8221;off&#8221; button_letter_spacing__hover_enabled=&#8221;off&#8221; button_one_letter_spacing__hover_enabled=&#8221;off&#8221; button_two_letter_spacing__hover_enabled=&#8221;off&#8221; button_bg_color__hover_enabled=&#8221;off&#8221; button_one_bg_color__hover_enabled=&#8221;off&#8221; button_two_bg_color__hover_enabled=&#8221;off&#8221;][\/et_pb_contact_field][\/et_pb_contact_form][\/et_pb_column][et_pb_column type=&#8221;2_5&#8243; _builder_version=&#8221;4.16&#8243; custom_padding=&#8221;|||&#8221; global_colors_info=&#8221;{}&#8221; custom_padding__hover=&#8221;|||&#8221;][et_pb_text _builder_version=&#8221;4.27.5&#8243; text_font=&#8221;||||||||&#8221; text_font_size=&#8221;28px&#8221; text_line_height=&#8221;1.3em&#8221; header_font=&#8221;||||||||&#8221; background_layout=&#8221;dark&#8221; text_orientation_tablet=&#8221;center&#8221; text_orientation_phone=&#8221;&#8221; text_orientation_last_edited=&#8221;on|phone&#8221; global_colors_info=&#8221;{}&#8221;]<\/p>\n<p>PCO of NCS 2026<\/p>\n<p>[\/et_pb_text][et_pb_text _builder_version=&#8221;4.27.5&#8243; text_font=&#8221;||||||||&#8221; background_layout=&#8221;dark&#8221; global_colors_info=&#8221;{}&#8221;]<\/p>\n<p><span><img loading=\"lazy\" decoding=\"async\" src=\"https:\/\/cnchirurgie.ro\/en\/wp-content\/uploads\/2019\/04\/eventer_logo_150px.png\" alt=\"\" class=\"wp-image-774 alignleft size-full\" width=\"151\" height=\"33\" \/><\/span><\/p>\n<p><span><\/span><\/p>\n<p><span><\/span><\/p>\n<p><span>Address: Str. A. Panu nr. 13, Iasi<\/span><br \/><span>Tel.: 0332.40.88.00-05<\/span><br \/><span>E-mail: <a href=\"mailto:contact@cnchirurgie.ro\">contact@cnchirurgie.ro<\/a><br \/><\/span><a href=\"mailto:contact@congrescoloproctologie.ro\"><\/a><span>Website:\u00a0<\/span><a href=\"http:\/\/www.eventernet.ro\/\" target=\"Blank\" rel=\"noopener noreferrer\">www.eventernet.ro<\/a><\/p>\n<p>[\/et_pb_text][\/et_pb_column][\/et_pb_row][\/et_pb_section]<\/p>\n","protected":false},"excerpt":{"rendered":"<p>Information about the pre-congress courses will be available soon.The pre-congress courses will take place on Wednesday, June 10, 2026. ATENTION! Course registration is conditional on payment of the congress registration fee. You can register in a maximum of 2 courses that take place at different time intervals: courses C2, C4 and C6\u00a0 take place between [&hellip;]<\/p>\n","protected":false},"author":2,"featured_media":0,"parent":0,"menu_order":0,"comment_status":"closed","ping_status":"closed","template":"","meta":{"_et_pb_use_builder":"on","_et_pb_old_content":"","_et_gb_content_width":"","footnotes":""},"class_list":["post-4417","page","type-page","status-publish","hentry"],"_links":{"self":[{"href":"https:\/\/cnchirurgie.ro\/en\/wp-json\/wp\/v2\/pages\/4417","targetHints":{"allow":["GET"]}}],"collection":[{"href":"https:\/\/cnchirurgie.ro\/en\/wp-json\/wp\/v2\/pages"}],"about":[{"href":"https:\/\/cnchirurgie.ro\/en\/wp-json\/wp\/v2\/types\/page"}],"author":[{"embeddable":true,"href":"https:\/\/cnchirurgie.ro\/en\/wp-json\/wp\/v2\/users\/2"}],"replies":[{"embeddable":true,"href":"https:\/\/cnchirurgie.ro\/en\/wp-json\/wp\/v2\/comments?post=4417"}],"version-history":[{"count":39,"href":"https:\/\/cnchirurgie.ro\/en\/wp-json\/wp\/v2\/pages\/4417\/revisions"}],"predecessor-version":[{"id":12406,"href":"https:\/\/cnchirurgie.ro\/en\/wp-json\/wp\/v2\/pages\/4417\/revisions\/12406"}],"wp:attachment":[{"href":"https:\/\/cnchirurgie.ro\/en\/wp-json\/wp\/v2\/media?parent=4417"}],"curies":[{"name":"wp","href":"https:\/\/api.w.org\/{rel}","templated":true}]}}