{"id":461,"date":"2019-04-30T16:34:26","date_gmt":"2019-04-30T13:34:26","guid":{"rendered":"https:\/\/cnchirurgie.ro\/en\/?page_id=461"},"modified":"2026-02-06T13:40:36","modified_gmt":"2026-02-06T10:40:36","slug":"organizers-committee","status":"publish","type":"page","link":"https:\/\/cnchirurgie.ro\/en\/organizers-committee\/","title":{"rendered":"Organizers &#038; Committees"},"content":{"rendered":"<p>[et_pb_section fb_built=&#8221;1&#8243; fullwidth=&#8221;on&#8221; _builder_version=&#8221;4.27.5&#8243; top_divider_style=&#8221;asymmetric2&#8243; top_divider_color=&#8221;#26252F&#8221; top_divider_height=&#8221;62px&#8221; top_divider_flip=&#8221;horizontal&#8221; border_color_bottom=&#8221;#005699&#8243; box_shadow_style=&#8221;preset3&#8243; box_shadow_horizontal=&#8221;10px&#8221; box_shadow_vertical=&#8221;10px&#8221; box_shadow_blur=&#8221;0px&#8221; box_shadow_spread=&#8221;0px&#8221; global_module=&#8221;12190&#8243; saved_tabs=&#8221;all&#8221; global_colors_info=&#8221;{}&#8221;][et_pb_fullwidth_header title=&#8221;@ET-DC@eyJkeW5hbWljIjp0cnVlLCJjb250ZW50IjoicG9zdF90aXRsZSIsInNldHRpbmdzIjp7ImJlZm9yZSI6IiIsImFmdGVyIjoiIn19@&#8221; content_max_width=&#8221;75%&#8221; _builder_version=&#8221;4.27.5&#8243; _dynamic_attributes=&#8221;title&#8221; title_font=&#8221;&#8211;et_global_heading_font|600|||||||&#8221; title_text_align=&#8221;left&#8221; title_text_color=&#8221;#26252F&#8221; title_font_size=&#8221;45px&#8221; background_enable_color=&#8221;off&#8221; background_image=&#8221;https:\/\/cnchirurgie.ro\/wp-content\/uploads\/2026\/01\/CNC2026_header_1920x450px.jpg&#8221; module_alignment=&#8221;center&#8221; custom_padding=&#8221;125px||75px||false&#8221; title_text_align_tablet=&#8221;left&#8221; title_text_align_phone=&#8221;left&#8221; title_text_align_last_edited=&#8221;on|tablet&#8221; title_font_size_tablet=&#8221;40px&#8221; title_font_size_phone=&#8221;&#8221; title_font_size_last_edited=&#8221;on|phone&#8221; global_colors_info=&#8221;{}&#8221;][\/et_pb_fullwidth_header][et_pb_fullwidth_menu menu_style=&#8221;centered&#8221; active_link_color=&#8221;#FFCC00&#8243; dropdown_menu_bg_color=&#8221;#26252F&#8221; dropdown_menu_line_color=&#8221;#FFCC00&#8243; dropdown_menu_text_color=&#8221;#FFFFFF&#8221; dropdown_menu_active_link_color=&#8221;#FFCC00&#8243; mobile_menu_bg_color=&#8221;#26252F&#8221; mobile_menu_text_color=&#8221;#FFFFFF&#8221; menu_icon_color=&#8221;#FFFFFF&#8221; disabled_on=&#8221;off|off|on&#8221; _builder_version=&#8221;4.27.5&#8243; menu_font=&#8221;Barlow|600|||||||&#8221; menu_text_color=&#8221;#FFFFFF&#8221; background_color=&#8221;#26252F&#8221; z_index=&#8221;100&#8243; custom_padding=&#8221;||||false|false&#8221; hover_enabled=&#8221;0&#8243; global_colors_info=&#8221;{}&#8221; sticky_enabled=&#8221;0&#8243;][\/et_pb_fullwidth_menu][\/et_pb_section][et_pb_section fb_built=&#8221;1&#8243; _builder_version=&#8221;4.17.1&#8243; global_colors_info=&#8221;{}&#8221;][et_pb_row disabled_on=&#8221;off|off|off&#8221; _builder_version=&#8221;4.27.4&#8243; locked=&#8221;off&#8221; global_colors_info=&#8221;{}&#8221;][et_pb_column type=&#8221;4_4&#8243; _builder_version=&#8221;4.16&#8243; global_colors_info=&#8221;{}&#8221;][et_pb_text _builder_version=&#8221;4.27.5&#8243; global_colors_info=&#8221;{}&#8221;]<\/p>\n<table border=\"0\" align=\"center\" style=\"width: 100%; margin-left: auto; margin-right: auto;\">\n<tbody>\n<tr bgcolor=\"#FFFFFF\" style=\"height: 465px;\">\n<td style=\"text-align: center; height: 465px; width: 98.892%;\" colspan=\"3\">\n<h1><strong> <span style=\"color: #103362;\">ORGANIZERS:<\/span><\/strong><\/h1>\n<p><strong><span style=\"color: #103362;\"><\/span><\/strong><\/p>\n<p><img loading=\"lazy\" decoding=\"async\" class=\"aligncenter wp-image-218\" src=\"https:\/\/cnchirurgie.ro\/wp-content\/uploads\/2017\/02\/1_SRC_200x200px.jpg\" width=\"175\" height=\"175\" \/><\/p>\n<\/td>\n<\/tr>\n<tr bgcolor=\"#FFFFFF\" style=\"height: 24px;\">\n<td style=\"text-align: center; height: 24px; width: 98.892%;\" colspan=\"3\"><strong>Romanian Society of Surgery<\/strong><\/td>\n<\/tr>\n<tr style=\"height: 0px;\">\n<td style=\"text-align: justify; height: 0px; width: 98.892%;\" colspan=\"3\"><\/td>\n<\/tr>\n<tr bgcolor=\"#FFFFFF\" style=\"height: 144px;\">\n<td style=\"height: 144px; width: 32.964%;\"><img loading=\"lazy\" decoding=\"async\" class=\"aligncenter wp-image-219\" src=\"https:\/\/cnchirurgie.ro\/wp-content\/uploads\/2017\/02\/2_academia_200x200px.jpg\" width=\"120\" height=\"120\" \/><\/td>\n<td style=\"height: 144px; width: 32.964%;\"><img loading=\"lazy\" decoding=\"async\" class=\"aligncenter wp-image-221\" src=\"https:\/\/cnchirurgie.ro\/wp-content\/uploads\/2025\/01\/Umf_logo.png\" width=\"120\" height=\"120\" \/><\/td>\n<td style=\"height: 144px; width: 32.964%;\"><img loading=\"lazy\" decoding=\"async\" class=\"aligncenter wp-image-224\" src=\"https:\/\/cnchirurgie.ro\/wp-content\/uploads\/2026\/01\/logo.jpg\" width=\"120\" height=\"120\" \/><\/td>\n<\/tr>\n<tr bgcolor=\"#FFFFFF\" style=\"height: 144px;\">\n<td style=\"text-align: center; height: 144px; width: 32.964%;\">\n<p>Academy of Medical Sciences<\/p>\n<\/td>\n<td style=\"text-align: center; height: 144px; width: 32.964%;\">\u201cGrigore T. Popa\u201d University of Medicine and Pharmacy, Ia\u0219i<\/td>\n<td style=\"text-align: center; height: 144px; width: 32.964%;\">\n<p>Romanian Association of Endoscopic Surgery and Other Interventional Techniques<\/p>\n<\/td>\n<\/tr>\n<tr style=\"height: 0px;\">\n<td style=\"text-align: justify; height: 0px; width: 98.892%;\" colspan=\"3\"><\/td>\n<\/tr>\n<tr bgcolor=\"#FFFFFF\" style=\"height: 120px;\">\n<td style=\"height: 120px; width: 32.964%;\"><img loading=\"lazy\" decoding=\"async\" class=\"size-full wp-image-225 aligncenter\" src=\"https:\/\/cnchirurgie.ro\/wp-content\/uploads\/2017\/02\/8_srcut_120x120px.jpg\" alt=\"\" width=\"120\" height=\"120\" \/><\/td>\n<td style=\"height: 120px; width: 32.964%;\"><img loading=\"lazy\" decoding=\"async\" class=\"aligncenter wp-image-229\" src=\"https:\/\/cnchirurgie.ro\/wp-content\/uploads\/2017\/02\/6_hepato_200x200px.jpg\" width=\"120\" height=\"120\" \/><\/td>\n<td style=\"height: 120px; width: 32.964%; text-align: center;\"><img loading=\"lazy\" decoding=\"async\" src=\"https:\/\/cnchirurgie.ro\/en\/wp-content\/uploads\/2026\/02\/SRCGO.jpg\" width=\"121\" height=\"122\" alt=\"\" class=\"wp-image-12362 alignnone size-full\" srcset=\"https:\/\/cnchirurgie.ro\/en\/wp-content\/uploads\/2026\/02\/SRCGO.jpg 193w, https:\/\/cnchirurgie.ro\/en\/wp-content\/uploads\/2026\/02\/SRCGO-150x150.jpg 150w\" sizes=\"(max-width: 121px) 100vw, 121px\" \/><\/td>\n<\/tr>\n<tr bgcolor=\"#FFFFFF\" style=\"height: 72px;\">\n<td style=\"text-align: center; height: 72px; width: 32.964%;\">Romanian Society of Emergency and Trauma Surgery<\/td>\n<td style=\"text-align: center; height: 72px; width: 32.964%;\">\n<p>Romanian Association of Hepatobiliary and Pancreatic Surgery and Liver Transplantation<\/p>\n<\/td>\n<td style=\"text-align: center; height: 72px; width: 32.964%;\">\n<p>Romanian Society of Oncologic Surgery and Gynecology<\/p>\n<\/td>\n<\/tr>\n<tr>\n<td style=\"text-align: center; width: 32.964%;\"><span style=\"font-size: small;\"><img loading=\"lazy\" decoding=\"async\" class=\"aligncenter wp-image-229\" src=\"https:\/\/cnchirurgie.ro\/wp-content\/uploads\/2023\/04\/logo-SRSCO-2023_Page_1.jpg\" width=\"184\" height=\"184\" \/><\/span><\/td>\n<td style=\"text-align: center; width: 32.964%;\"><span style=\"font-size: small;\"><img loading=\"lazy\" decoding=\"async\" class=\"aligncenter wp-image-229\" src=\"https:\/\/cnchirurgie.ro\/wp-content\/uploads\/2023\/01\/RSCP.png\" width=\"200\" height=\"120\" \/><\/span><\/td>\n<td style=\"text-align: center; width: 32.964%;\"><img loading=\"lazy\" decoding=\"async\" class=\"size-full wp-image-225 aligncenter\" src=\"https:\/\/cnchirurgie.ro\/wp-content\/uploads\/2017\/02\/13_studentii_200x200px.png\" alt=\"\" width=\"120\" height=\"120\" \/><\/td>\n<\/tr>\n<tr>\n<td style=\"text-align: center; width: 32.964%;\">\n<p>Romanian Society of Breast Surgery and Oncology<\/p>\n<\/td>\n<td style=\"text-align: center; width: 32.964%;\">\n<p>Romanian Society of Coloproctology<\/p>\n<\/td>\n<td style=\"text-align: center; width: 32.964%;\">\n<p>Romanian Student Society of Surgery<\/p>\n<\/td>\n<\/tr>\n<tr style=\"height: 0px;\">\n<td style=\"text-align: justify; height: 0px; width: 98.892%;\" colspan=\"3\"><\/td>\n<\/tr>\n<tr bgcolor=\"#FFFFFF\" style=\"height: 184px;\">\n<td style=\"height: 184px; width: 32.964%;\"><img loading=\"lazy\" decoding=\"async\" class=\"aligncenter wp-image-230\" src=\"https:\/\/cnchirurgie.ro\/wp-content\/uploads\/2017\/02\/5_naturalisti_200x200px.jpg\" width=\"120\" height=\"120\" \/><\/td>\n<td style=\"height: 184px; width: 32.964%;\"><img loading=\"lazy\" decoding=\"async\" class=\"aligncenter wp-image-223\" src=\"https:\/\/cnchirurgie.ro\/wp-content\/uploads\/2017\/02\/12_cmr_200x200px.jpg\" width=\"120\" height=\"120\" \/><\/td>\n<td style=\"height: 184px; width: 32.964%;\"><\/td>\n<\/tr>\n<tr bgcolor=\"#FFFFFF\" style=\"height: 48px;\">\n<td style=\"text-align: center; height: 48px; width: 32.964%;\">\n<p>Society of Physicians and Naturalists, Ia\u0219i<\/p>\n<\/td>\n<td style=\"text-align: center; height: 48px; width: 32.964%;\">\n<p>Romanian College of Physicians<\/p>\n<\/td>\n<td style=\"text-align: center; height: 48px; width: 32.964%;\"><\/td>\n<\/tr>\n<\/tbody>\n<\/table>\n<p>&nbsp;<\/p>\n<p>[\/et_pb_text][\/et_pb_column][\/et_pb_row][et_pb_row disabled_on=&#8221;off|off|off&#8221; _builder_version=&#8221;4.27.4&#8243; locked=&#8221;off&#8221; global_colors_info=&#8221;{}&#8221;][et_pb_column type=&#8221;4_4&#8243; _builder_version=&#8221;4.16&#8243; custom_padding=&#8221;|||&#8221; global_colors_info=&#8221;{}&#8221; custom_padding__hover=&#8221;|||&#8221;][et_pb_text _builder_version=&#8221;4.27.5&#8243; global_colors_info=&#8221;{}&#8221;]<\/p>\n<div style=\"overflow-x: auto;\">\n<p><!--<\/p>\n\n\n\n\n<tr>\n\n\n<td style=\"text-align: center; width: 99%;\" colspan=\"3\"><strong>Membrii Comitetului de Organizare:<\/strong><\/td>\n\n\n<\/tr>\n\n\n\n\n<tr>\n\n\n<td colspan=\"3\" style=\"text-align: center; width: 99%;\"><strong>Membrii Comitetului Local de Organizare<\/strong><\/td>\n\n\n<\/tr>\n\n\n\n\n<tr>\n\n\n<td colspan=\"3\" style=\"text-align: center; width: 99%;\">\n\n\n<p>Vasile S\u00eerbu<\/p>\n\n\n\n\n<p>Iusuf Timurlenc<\/p>\n\n\n\n\n<p>Mihaela Pundiche<\/p>\n\n\n\n\n<p>Daniel Costea<\/p>\n\n\n\n\n<p>R\u0103zvan Popescu<\/td>\n\n\n<\/tr>\n\n\n\n\n<p>--><\/p>\n<table style=\"width: 100%;\" width=\"100%\" cellspacing=\"3\" cellpadding=\"2\" border=\"0\" align=\"center\">\n<tbody>\n<tr>\n<td colspan=\"3\" style=\"text-align: center; width: 99%;\">\n<h1>Organizing and Scientific Committees<\/h1>\n<\/td>\n<\/tr>\n<tr>\n<td style=\"text-align: center; width: 99%;\" colspan=\"3\"><strong>President of the Romanian Society of Surgery: Prof. Dr. Viorel Scripcariu<br \/><\/strong><\/td>\n<\/tr>\n<tr>\n<td style=\"text-align: center; width: 99%;\" colspan=\"3\">\n<p>President-Elect of the Romanian Society of Surgery: <strong>Prof. Dr. Victor Str\u00e2mbu<\/strong><br \/>Secretary General of the Romanian Society of Surgery: <strong>Assoc. Prof. Dr. Drago\u0219 Predescu<\/strong><br \/>Treasurer of the Romanian Society of Surgery: <strong>Assoc. Prof. Dr. Florin Teodor Bobirc\u0103<\/strong><\/p>\n<\/td>\n<\/tr>\n<\/tbody>\n<\/table>\n<p>&nbsp;<\/p>\n<table width=\"100%\" cellspacing=\"3\" cellpadding=\"2\" border=\"0\" align=\"center\">\n<tbody><!--<\/p>\n\n\n\n\n<tr>\n\n\n<td colspan=\"3\" style=\"text-align: center;\">\n\n\n<h3><strong>\u00a0COMITETUL \u015eTIIN\u021aIFIC<\/strong><\/h3>\n\n\n<\/td>\n\n\n<\/tr>\n\n\n\n\n<tr>\n\n\n<td style=\"text-align: center;\" colspan=\"3\"><strong>Pre\u015fedintele comitetului \u015ftiin\u0163ific: Prof. Dr. Viorel Scripcariu <\/strong><\/td>\n\n\n<\/tr>\n\n\n\n\n<p>--><\/p>\n<tr>\n<td width=\"33%\" valign=\"top\" style=\"text-align: center;\">Maria Gabriela Ani\u021bei (Ia\u0219i)<br \/>Al Nadim Hajjar (Cluj-Napoca)<br \/>Mircea Beuran (Bucure\u0219ti)<br \/>Vasile Bin\u021bin\u021ban (Cluj-Napoca)<br \/>Alexandru Blidaru (Bucure\u0219ti)<br \/>Teodor Florin Bobirc\u0103 (Bucure\u0219ti)<br \/>Eugen Br\u0103tucu (Bucure\u0219ti)<br \/>Traean Burco\u0219 (Bucure\u0219ti)<br \/>Valentin Calu (Bucure\u0219ti)<br \/>Mirea Cecil (Craiova)<br \/>Constantin Ciuce (Cluj-Napoca)<br \/>Vlad Denis Constantin (Bucure\u0219ti)<br \/>Constantin Copotoiu (T\u00e2rgu Mure\u0219)<br \/>Silviu Constantinoiu (Bucure\u0219ti)<br \/>C\u0103t\u0103lin Cop\u0103escu (Bucure\u0219ti)<br \/>Ioan Cordo\u0219 (Bucure\u0219ti)<br \/>Marius Coro\u0219 (Tg. Mure\u0219)<br \/>Daniel Costea (Constan\u021ba)<br \/>Radu Costea (Bucure\u0219ti)<br \/>Daniel Cristian (Bucure\u0219ti)<br \/>Augustin Dima (Bucure\u0219ti)<br \/>Gabriel Dimofte (Ia\u0219i)<br \/>George Dindelegan (Cluj-Napoca)<br \/>Horia Doran (Bucure\u0219ti)<br \/>Ciprian Du\u021b\u0103 (Timi\u0219oara)<br \/>Bogdan Filip (Ia\u0219i)<\/td>\n<td width=\"33%\" valign=\"top\" style=\"text-align: center;\">Dorel Firescu (Gala\u021bi)<br \/>M\u0103d\u0103lina Gavrilescu (Ia\u0219i)<br \/>Drago\u0219 Georgescu (Bucure\u0219ti)<br \/>Ion Georgescu (Craiova)<br \/>\u0218tefan Georgescu (Ia\u0219i)<br \/>Titus Valentin Grigorean (Bucure\u0219ti)<br \/>Alexandru Grigorovici (Ia\u0219i)<br \/>Ionu\u021b Hu\u021banu (Ia\u0219i)<br \/>Cornel Iancu (Cluj-Napoca)<br \/>Daniel Ion (Bucure\u0219ti)<br \/>Niculae Iordache (Bucure\u0219ti)<br \/>Cristian Iorga (Bucure\u0219ti)<br \/>Laz\u0103r Fulger (Timi\u0219oara)<br \/>Cristian Lupa\u0219cu (Ia\u0219i)<br \/>Adrian Maghiar (Oradea)<br \/>Bogdan Mastalier (Bucure\u0219ti)<br \/>Octavian Mihalache (Bucure\u0219ti)<br \/>Adrian Miron (Bucure\u0219ti)<br \/>C\u0103lin Molnar (T\u00e2rgu Mure\u0219)<br \/>Petronel Must\u0103\u021bea (Bucure\u0219ti)<br \/>Radu Neagoe (T\u00e2rgu-Mure\u0219)<br \/>Carmen Neam\u021bu (Arad)<br \/>R\u0103ducu Neme\u0219 (Craiova)<br \/>Stelian Pantea (Timi\u0219oara)<br \/>\u0218tefan P\u0103tra\u0219cu (Craiova)<br \/>Traian P\u0103tra\u0219cu (Bucure\u0219ti)<\/td>\n<td width=\"33%\" valign=\"top\" style=\"text-align: center;\">Sorin P\u0103un (Bucure\u0219ti)<br \/>Florian Popa (Bucure\u0219ti)<br \/>Irinel Popescu (Bucure\u0219ti)<br \/>R\u0103zvan C\u0103t\u0103lin Popescu (Constan\u021ba)<br \/>Drago\u0219 Predescu (Bucure\u0219ti)<br \/>Cosmin Puia (Cluj-Napoca)<br \/>Iulian Radu (Ia\u0219i)<br \/>Victor Radu (Bucure\u0219ti)<br \/>Dan Sab\u0103u (Sibiu)<br \/>Vasile S\u00e2rbu (Constan\u021ba)<br \/>Dragos Viorel Scripcariu (Ia\u0219i)<br \/>Lauren\u021biu Simion (Bucure\u0219ti)<br \/>Bogdan Socea (Bucure\u0219ti)<br \/>Nicolae Dan Straja (Bucure\u0219ti)<br \/>Victor Str\u00e2mbu (Bucure\u0219ti)<br \/>Cezar Stroescu (Bucure\u0219ti)<br \/>Valeriu \u0218urlin (Craiova)<br \/>Eugen T\u00e2rcoveanu (Ia\u0219i)<br \/>Iusuf Timurlenc (Constan\u021ba)<br \/>Bogdan Totolici (Arad)<br \/>Dan Ulmeanu (Bucure\u0219ti)<br \/>Florin Dan Ungureanu (Bucure\u0219ti)<br \/>C\u0103t\u0103lin Vasilescu (Bucure\u0219ti)<br \/>Ionic\u0103 V\u00e2lcea (Craiova)<\/td>\n<\/tr>\n<\/tbody>\n<\/table>\n<\/div>\n<p>[\/et_pb_text][\/et_pb_column][\/et_pb_row][\/et_pb_section][et_pb_section fb_built=&#8221;1&#8243; _builder_version=&#8221;4.27.5&#8243; background_color=&#8221;#242A31&#8243; background_image=&#8221;https:\/\/cnchirurgie.ro\/en\/wp-content\/uploads\/2026\/02\/CNC2026_header_1920x450px.jpg&#8221; background_blend=&#8221;multiply&#8221; custom_margin=&#8221;-5px||||false|false&#8221; custom_padding=&#8221;|0px||0px|false|false&#8221; top_divider_style=&#8221;asymmetric2&#8243; top_divider_color=&#8221;#FFD23C&#8221; top_divider_height=&#8221;95px&#8221; top_divider_flip=&#8221;horizontal|vertical&#8221; bottom_divider_style=&#8221;asymmetric2&#8243; bottom_divider_color=&#8221;#FFD23C&#8221; bottom_divider_height=&#8221;92px&#8221; bottom_divider_flip=&#8221;vertical&#8221; global_module=&#8221;11968&#8243; saved_tabs=&#8221;all&#8221; global_colors_info=&#8221;{}&#8221;][et_pb_row column_structure=&#8221;3_5,2_5&#8243; _builder_version=&#8221;4.16&#8243; custom_padding=&#8221;49px|0px|96px|0px|false|false&#8221; global_colors_info=&#8221;{}&#8221;][et_pb_column type=&#8221;3_5&#8243; _builder_version=&#8221;4.16&#8243; custom_padding=&#8221;|||&#8221; global_colors_info=&#8221;{}&#8221; custom_padding__hover=&#8221;|||&#8221;][et_pb_text _builder_version=&#8221;4.27.5&#8243; text_font=&#8221;||||||||&#8221; text_font_size=&#8221;28px&#8221; text_line_height=&#8221;1.3em&#8221; header_font=&#8221;||||||||&#8221; background_layout=&#8221;dark&#8221; text_orientation_tablet=&#8221;center&#8221; text_orientation_phone=&#8221;&#8221; text_orientation_last_edited=&#8221;on|phone&#8221; global_colors_info=&#8221;{}&#8221;]<\/p>\n<p>Contact NCS 2026&#8217;s PCO<\/p>\n<p>[\/et_pb_text][et_pb_contact_form email=&#8221;contact@cnchirurgie.ro&#8221; submit_button_text=&#8221;Send&#8221; _builder_version=&#8221;4.16&#8243; _unique_id=&#8221;4bd0cc30-2ae3-436e-9dea-f23134811af9&#8243; custom_button=&#8221;on&#8221; button_text_color=&#8221;#FFD23C&#8221; button_border_width=&#8221;1px&#8221; button_font=&#8221;||||||||&#8221; global_colors_info=&#8221;{}&#8221;][et_pb_contact_field field_id=&#8221;Name&#8221; field_title=&#8221;Name&#8221; _builder_version=&#8221;4.16&#8243; global_colors_info=&#8221;{}&#8221; button_text_size__hover_enabled=&#8221;off&#8221; button_one_text_size__hover_enabled=&#8221;off&#8221; button_two_text_size__hover_enabled=&#8221;off&#8221; button_text_color__hover_enabled=&#8221;off&#8221; button_one_text_color__hover_enabled=&#8221;off&#8221; button_two_text_color__hover_enabled=&#8221;off&#8221; button_border_width__hover_enabled=&#8221;off&#8221; button_one_border_width__hover_enabled=&#8221;off&#8221; button_two_border_width__hover_enabled=&#8221;off&#8221; button_border_color__hover_enabled=&#8221;off&#8221; button_one_border_color__hover_enabled=&#8221;off&#8221; button_two_border_color__hover_enabled=&#8221;off&#8221; button_border_radius__hover_enabled=&#8221;off&#8221; button_one_border_radius__hover_enabled=&#8221;off&#8221; button_two_border_radius__hover_enabled=&#8221;off&#8221; button_letter_spacing__hover_enabled=&#8221;off&#8221; button_one_letter_spacing__hover_enabled=&#8221;off&#8221; button_two_letter_spacing__hover_enabled=&#8221;off&#8221; button_bg_color__hover_enabled=&#8221;off&#8221; button_one_bg_color__hover_enabled=&#8221;off&#8221; button_two_bg_color__hover_enabled=&#8221;off&#8221;][\/et_pb_contact_field][et_pb_contact_field field_id=&#8221;Email&#8221; field_title=&#8221;E-mail address&#8221; field_type=&#8221;email&#8221; _builder_version=&#8221;4.16&#8243; global_colors_info=&#8221;{}&#8221; button_text_size__hover_enabled=&#8221;off&#8221; button_one_text_size__hover_enabled=&#8221;off&#8221; button_two_text_size__hover_enabled=&#8221;off&#8221; button_text_color__hover_enabled=&#8221;off&#8221; button_one_text_color__hover_enabled=&#8221;off&#8221; button_two_text_color__hover_enabled=&#8221;off&#8221; button_border_width__hover_enabled=&#8221;off&#8221; button_one_border_width__hover_enabled=&#8221;off&#8221; button_two_border_width__hover_enabled=&#8221;off&#8221; button_border_color__hover_enabled=&#8221;off&#8221; button_one_border_color__hover_enabled=&#8221;off&#8221; button_two_border_color__hover_enabled=&#8221;off&#8221; button_border_radius__hover_enabled=&#8221;off&#8221; button_one_border_radius__hover_enabled=&#8221;off&#8221; button_two_border_radius__hover_enabled=&#8221;off&#8221; button_letter_spacing__hover_enabled=&#8221;off&#8221; button_one_letter_spacing__hover_enabled=&#8221;off&#8221; button_two_letter_spacing__hover_enabled=&#8221;off&#8221; button_bg_color__hover_enabled=&#8221;off&#8221; button_one_bg_color__hover_enabled=&#8221;off&#8221; button_two_bg_color__hover_enabled=&#8221;off&#8221;][\/et_pb_contact_field][et_pb_contact_field field_id=&#8221;Message&#8221; field_title=&#8221;Message&#8221; field_type=&#8221;text&#8221; fullwidth_field=&#8221;on&#8221; _builder_version=&#8221;4.16&#8243; global_colors_info=&#8221;{}&#8221; button_text_size__hover_enabled=&#8221;off&#8221; button_one_text_size__hover_enabled=&#8221;off&#8221; button_two_text_size__hover_enabled=&#8221;off&#8221; button_text_color__hover_enabled=&#8221;off&#8221; button_one_text_color__hover_enabled=&#8221;off&#8221; button_two_text_color__hover_enabled=&#8221;off&#8221; button_border_width__hover_enabled=&#8221;off&#8221; button_one_border_width__hover_enabled=&#8221;off&#8221; button_two_border_width__hover_enabled=&#8221;off&#8221; button_border_color__hover_enabled=&#8221;off&#8221; button_one_border_color__hover_enabled=&#8221;off&#8221; button_two_border_color__hover_enabled=&#8221;off&#8221; button_border_radius__hover_enabled=&#8221;off&#8221; button_one_border_radius__hover_enabled=&#8221;off&#8221; button_two_border_radius__hover_enabled=&#8221;off&#8221; button_letter_spacing__hover_enabled=&#8221;off&#8221; button_one_letter_spacing__hover_enabled=&#8221;off&#8221; button_two_letter_spacing__hover_enabled=&#8221;off&#8221; button_bg_color__hover_enabled=&#8221;off&#8221; button_one_bg_color__hover_enabled=&#8221;off&#8221; button_two_bg_color__hover_enabled=&#8221;off&#8221;][\/et_pb_contact_field][\/et_pb_contact_form][\/et_pb_column][et_pb_column type=&#8221;2_5&#8243; _builder_version=&#8221;4.16&#8243; custom_padding=&#8221;|||&#8221; global_colors_info=&#8221;{}&#8221; custom_padding__hover=&#8221;|||&#8221;][et_pb_text _builder_version=&#8221;4.27.5&#8243; text_font=&#8221;||||||||&#8221; text_font_size=&#8221;28px&#8221; text_line_height=&#8221;1.3em&#8221; header_font=&#8221;||||||||&#8221; background_layout=&#8221;dark&#8221; text_orientation_tablet=&#8221;center&#8221; text_orientation_phone=&#8221;&#8221; text_orientation_last_edited=&#8221;on|phone&#8221; global_colors_info=&#8221;{}&#8221;]<\/p>\n<p>PCO of NCS 2026<\/p>\n<p>[\/et_pb_text][et_pb_text _builder_version=&#8221;4.27.5&#8243; text_font=&#8221;||||||||&#8221; background_layout=&#8221;dark&#8221; global_colors_info=&#8221;{}&#8221;]<\/p>\n<p><span><img loading=\"lazy\" decoding=\"async\" src=\"https:\/\/cnchirurgie.ro\/en\/wp-content\/uploads\/2019\/04\/eventer_logo_150px.png\" alt=\"\" class=\"wp-image-774 alignleft size-full\" width=\"151\" height=\"33\" \/><\/span><\/p>\n<p><span><\/span><\/p>\n<p><span><\/span><\/p>\n<p><span>Address: Str. A. Panu nr. 13, Iasi<\/span><br \/><span>Tel.: 0332.40.88.00-05<\/span><br \/><span>E-mail: <a href=\"mailto:contact@cnchirurgie.ro\">contact@cnchirurgie.ro<\/a><br \/><\/span><a href=\"mailto:contact@congrescoloproctologie.ro\"><\/a><span>Website:\u00a0<\/span><a href=\"http:\/\/www.eventernet.ro\/\" target=\"Blank\" rel=\"noopener noreferrer\">www.eventernet.ro<\/a><\/p>\n<p>[\/et_pb_text][\/et_pb_column][\/et_pb_row][\/et_pb_section]<\/p>\n","protected":false},"excerpt":{"rendered":"<p>ORGANIZERS: Romanian Society of Surgery Academy of Medical Sciences \u201cGrigore T. Popa\u201d University of Medicine and Pharmacy, Ia\u0219i Romanian Association of Endoscopic Surgery and Other Interventional Techniques Romanian Society of Emergency and Trauma Surgery Romanian Association of Hepatobiliary and Pancreatic Surgery and Liver Transplantation Romanian Society of Oncologic Surgery and Gynecology Romanian Society of Breast [&hellip;]<\/p>\n","protected":false},"author":2,"featured_media":0,"parent":0,"menu_order":0,"comment_status":"closed","ping_status":"closed","template":"","meta":{"_et_pb_use_builder":"on","_et_pb_old_content":"","_et_gb_content_width":"","footnotes":""},"class_list":["post-461","page","type-page","status-publish","hentry"],"_links":{"self":[{"href":"https:\/\/cnchirurgie.ro\/en\/wp-json\/wp\/v2\/pages\/461","targetHints":{"allow":["GET"]}}],"collection":[{"href":"https:\/\/cnchirurgie.ro\/en\/wp-json\/wp\/v2\/pages"}],"about":[{"href":"https:\/\/cnchirurgie.ro\/en\/wp-json\/wp\/v2\/types\/page"}],"author":[{"embeddable":true,"href":"https:\/\/cnchirurgie.ro\/en\/wp-json\/wp\/v2\/users\/2"}],"replies":[{"embeddable":true,"href":"https:\/\/cnchirurgie.ro\/en\/wp-json\/wp\/v2\/comments?post=461"}],"version-history":[{"count":46,"href":"https:\/\/cnchirurgie.ro\/en\/wp-json\/wp\/v2\/pages\/461\/revisions"}],"predecessor-version":[{"id":12380,"href":"https:\/\/cnchirurgie.ro\/en\/wp-json\/wp\/v2\/pages\/461\/revisions\/12380"}],"wp:attachment":[{"href":"https:\/\/cnchirurgie.ro\/en\/wp-json\/wp\/v2\/media?parent=461"}],"curies":[{"name":"wp","href":"https:\/\/api.w.org\/{rel}","templated":true}]}}